{"id":14,"date":"2024-08-16T21:26:29","date_gmt":"2024-08-16T21:26:29","guid":{"rendered":"https:\/\/region.youthscience.ca\/fransaskoise\/?page_id=14"},"modified":"2024-11-22T16:32:16","modified_gmt":"2024-11-22T21:32:16","slug":"a-propos-de-nous","status":"publish","type":"page","link":"https:\/\/region.youthscience.ca\/fransaskoise\/a-propos-de-nous\/","title":{"rendered":"\u00c0 propos de nous"},"content":{"rendered":"\r\n\r\n\r\n<p><img loading=\"lazy\" decoding=\"async\" class=\"wp-image-541 aligncenter\" src=\"https:\/\/region.youthscience.ca\/fransaskoise\/wp-content\/uploads\/sites\/17\/Logo-Fransaskoise-no-background.png\" alt=\"\" width=\"330\" height=\"331\" srcset=\"https:\/\/region.youthscience.ca\/fransaskoise\/wp-content\/uploads\/sites\/17\/Logo-Fransaskoise-no-background.png 708w, https:\/\/region.youthscience.ca\/fransaskoise\/wp-content\/uploads\/sites\/17\/Logo-Fransaskoise-no-background-300x300.png 300w, https:\/\/region.youthscience.ca\/fransaskoise\/wp-content\/uploads\/sites\/17\/Logo-Fransaskoise-no-background-150x150.png 150w\" sizes=\"auto, (max-width: 330px) 100vw, 330px\" \/><\/p>\r\n<p>&nbsp;<\/p>\r\n<p>L&#8217;expo-sciences Fransaskoise accueil les projets des \u00e9l\u00e8ves de la 7e \u00e0 la 12e ann\u00e9e du <a href=\"https:\/\/ecolefrancophone.com\/fr\/\">Conseil des \u00e9coles fransaskoises.<\/a><\/p>\r\n<p><a href=\"https:\/\/cwsf-espc.ca\/fr\/\">L&#8217;Expo-sciences pancanadienne<\/a> (ESPC) est le plus grand \u00e9v\u00e9nement annuel pour les jeunes en sciences, technologie, ing\u00e9nierie et math\u00e9matiques (STIM) au Canada, r\u00e9unissant les meilleurs jeunes scientifiques et leurs projets, s\u00e9lectionn\u00e9s par le r\u00e9seau national de foires STIM r\u00e9gionales de<a href=\"https:\/\/youthscience.ca\/fr\/\"> Sciences jeunesse Canada<\/a> dans chaque province et territoire .<\/p>\r\n<p>Outre les \u00e9valuations et les r\u00e9compenses des projets, l&#8217;ESPC est une exp\u00e9rience unique. L&#8217;\u00e9v\u00e9nement r\u00e9unit des jeunes des r\u00e9gions les plus recul\u00e9es du pays et leurs homologues urbains. Visites guid\u00e9es, \u00e9v\u00e9nements sp\u00e9ciaux, danses \u2013 chaque comit\u00e9 d&#8217;accueil met tout en \u0153uvre pour mettre en valeur les qualit\u00e9s culturelles, naturelles et humaines de son coin de pays.<\/p>\r\n<p><img loading=\"lazy\" decoding=\"async\" class=\" wp-image-529 aligncenter\" src=\"https:\/\/region.youthscience.ca\/fransaskoise\/wp-content\/uploads\/sites\/17\/cef_logo_horizontal_couleur.jpg\" alt=\"\" width=\"577\" height=\"158\" srcset=\"https:\/\/region.youthscience.ca\/fransaskoise\/wp-content\/uploads\/sites\/17\/cef_logo_horizontal_couleur.jpg 994w, https:\/\/region.youthscience.ca\/fransaskoise\/wp-content\/uploads\/sites\/17\/cef_logo_horizontal_couleur-300x82.jpg 300w, https:\/\/region.youthscience.ca\/fransaskoise\/wp-content\/uploads\/sites\/17\/cef_logo_horizontal_couleur-768x210.jpg 768w\" sizes=\"auto, (max-width: 577px) 100vw, 577px\" \/><\/p>\r\n<ul class=\"wp-block-list\"><\/ul>\r\n<!-- \/wp:post-content -->","protected":false},"excerpt":{"rendered":"<p>&nbsp; L&#8217;expo-sciences Fransaskoise accueil les projets des \u00e9l\u00e8ves de la 7e \u00e0 la 12e ann\u00e9e du Conseil des \u00e9coles fransaskoises. L&#8217;Expo-sciences pancanadienne (ESPC) est le plus grand \u00e9v\u00e9nement annuel pour les jeunes en sciences, technologie, ing\u00e9nierie et math\u00e9matiques (STIM) au Canada, r\u00e9unissant les meilleurs jeunes scientifiques et leurs projets, s\u00e9lectionn\u00e9s par le r\u00e9seau national de [&hellip;]<\/p>\n","protected":false},"author":1,"featured_media":0,"parent":0,"menu_order":0,"comment_status":"closed","ping_status":"closed","template":"","meta":{"footnotes":""},"class_list":["post-14","page","type-page","status-publish","hentry"],"_links":{"self":[{"href":"https:\/\/region.youthscience.ca\/fransaskoise\/wp-json\/wp\/v2\/pages\/14","targetHints":{"allow":["GET"]}}],"collection":[{"href":"https:\/\/region.youthscience.ca\/fransaskoise\/wp-json\/wp\/v2\/pages"}],"about":[{"href":"https:\/\/region.youthscience.ca\/fransaskoise\/wp-json\/wp\/v2\/types\/page"}],"author":[{"embeddable":true,"href":"https:\/\/region.youthscience.ca\/fransaskoise\/wp-json\/wp\/v2\/users\/1"}],"replies":[{"embeddable":true,"href":"https:\/\/region.youthscience.ca\/fransaskoise\/wp-json\/wp\/v2\/comments?post=14"}],"version-history":[{"count":28,"href":"https:\/\/region.youthscience.ca\/fransaskoise\/wp-json\/wp\/v2\/pages\/14\/revisions"}],"predecessor-version":[{"id":554,"href":"https:\/\/region.youthscience.ca\/fransaskoise\/wp-json\/wp\/v2\/pages\/14\/revisions\/554"}],"wp:attachment":[{"href":"https:\/\/region.youthscience.ca\/fransaskoise\/wp-json\/wp\/v2\/media?parent=14"}],"curies":[{"name":"wp","href":"https:\/\/api.w.org\/{rel}","templated":true}]}}