{"id":6,"date":"2024-08-16T21:25:33","date_gmt":"2024-08-16T21:25:33","guid":{"rendered":"https:\/\/region.youthscience.ca\/fransaskoise\/?page_id=6"},"modified":"2026-04-01T11:07:49","modified_gmt":"2026-04-01T15:07:49","slug":"home","status":"publish","type":"page","link":"https:\/\/region.youthscience.ca\/fransaskoise\/","title":{"rendered":"Bienvenue au site web de l&#8217;Expo-sciences fransaskoises!"},"content":{"rendered":"<p><img loading=\"lazy\" decoding=\"async\" class=\"wp-image-541 alignright\" src=\"https:\/\/region.youthscience.ca\/fransaskoise\/wp-content\/uploads\/sites\/17\/Logo-Fransaskoise-no-background.png\" alt=\"\" width=\"193\" height=\"193\" srcset=\"https:\/\/region.youthscience.ca\/fransaskoise\/wp-content\/uploads\/sites\/17\/Logo-Fransaskoise-no-background.png 708w, https:\/\/region.youthscience.ca\/fransaskoise\/wp-content\/uploads\/sites\/17\/Logo-Fransaskoise-no-background-300x300.png 300w, https:\/\/region.youthscience.ca\/fransaskoise\/wp-content\/uploads\/sites\/17\/Logo-Fransaskoise-no-background-150x150.png 150w\" sizes=\"auto, (max-width: 193px) 100vw, 193px\" \/><\/p>\n<p>L&#8217;expo-sciences Fransaskoise est l&#8217;expo-sciences r\u00e9gionale francophone pour les \u00e9l\u00e8ves du <a href=\"https:\/\/ecolefrancophone.com\/fr\/\">Conseil des \u00e9coles fransaskoises<\/a>.\u00a0 Chaque ann\u00e9e les \u00e9l\u00e8ves de la 7e \u00e0 la 12e ann\u00e9e qui ont \u00e9t\u00e9 s\u00e9lectionn\u00e9es par leurs \u00e9coles respectives ont la chance de participer \u00e0 cette comp\u00e9tition virtuelle dans le but de remporter la chance de repr\u00e9senter la r\u00e9gion Fransaskoise \u00e0 l&#8217;Expo-sciences pancanadienne (ESPC).<\/p>\n<p>Cette ann\u00e9e, l&#8217;expo-sciences Fransaskoise se d\u00e9roulera du<strong> (23 au 27 mars 2026)<\/strong> et l&#8217;Expo-sciences pancanadienne se d\u00e9roulera du <strong>23 au 30 mai 2026<\/strong> \u00e0 l\u2019Edmonton Expo Centre \u00e0 Edmonton en Alberta.<\/p>\n<p>Nous aimerions remercier tous nos partenaires pour leur appui qui nous permet de financer cette merveilleuse exp\u00e9rience pour nos \u00e9l\u00e8ves.<\/p>\n<p>&nbsp;<\/p>\n<h3 style=\"text-align: center\">Pr\u00e9sentateur officiel des foires scientifiques de la Saskatchewan<\/h3>\n<p><a href=\"https:\/\/saskpower.com\/\"><img loading=\"lazy\" decoding=\"async\" class=\"wp-image-535 aligncenter\" src=\"https:\/\/region.youthscience.ca\/fransaskoise\/wp-content\/uploads\/sites\/17\/SaskPower_Logo.svg_.png\" alt=\"\" width=\"1164\" height=\"173\" srcset=\"https:\/\/region.youthscience.ca\/fransaskoise\/wp-content\/uploads\/sites\/17\/SaskPower_Logo.svg_.png 2560w, https:\/\/region.youthscience.ca\/fransaskoise\/wp-content\/uploads\/sites\/17\/SaskPower_Logo.svg_-300x45.png 300w, https:\/\/region.youthscience.ca\/fransaskoise\/wp-content\/uploads\/sites\/17\/SaskPower_Logo.svg_-1024x152.png 1024w, https:\/\/region.youthscience.ca\/fransaskoise\/wp-content\/uploads\/sites\/17\/SaskPower_Logo.svg_-768x114.png 768w, https:\/\/region.youthscience.ca\/fransaskoise\/wp-content\/uploads\/sites\/17\/SaskPower_Logo.svg_-1536x228.png 1536w, https:\/\/region.youthscience.ca\/fransaskoise\/wp-content\/uploads\/sites\/17\/SaskPower_Logo.svg_-2048x304.png 2048w\" sizes=\"auto, (max-width: 1164px) 100vw, 1164px\" \/><\/a><\/p>\n<h3 style=\"text-align: center\">Official Presenter of Saskatchewan Science Fairs<\/h3>\n<h4 style=\"text-align: center\"><\/h4>\n<p>&nbsp;<\/p>\n<p style=\"text-align: center\"><a href=\"https:\/\/www.sasktel.com\/\"><img loading=\"lazy\" decoding=\"async\" class=\"alignnone wp-image-532\" src=\"https:\/\/region.youthscience.ca\/fransaskoise\/wp-content\/uploads\/sites\/17\/sasktel.png\" alt=\"\" width=\"571\" height=\"100\" srcset=\"https:\/\/region.youthscience.ca\/fransaskoise\/wp-content\/uploads\/sites\/17\/sasktel.png 1280w, https:\/\/region.youthscience.ca\/fransaskoise\/wp-content\/uploads\/sites\/17\/sasktel-300x53.png 300w, https:\/\/region.youthscience.ca\/fransaskoise\/wp-content\/uploads\/sites\/17\/sasktel-1024x179.png 1024w, https:\/\/region.youthscience.ca\/fransaskoise\/wp-content\/uploads\/sites\/17\/sasktel-768x134.png 768w\" sizes=\"auto, (max-width: 571px) 100vw, 571px\" \/><\/a><\/p>\n<p><a href=\"https:\/\/www.shad.ca\/fr\/\"><img loading=\"lazy\" decoding=\"async\" class=\" wp-image-534 aligncenter\" src=\"https:\/\/region.youthscience.ca\/fransaskoise\/wp-content\/uploads\/sites\/17\/SaskEnergy-logo.jpg\" alt=\"\" width=\"685\" height=\"180\" srcset=\"https:\/\/region.youthscience.ca\/fransaskoise\/wp-content\/uploads\/sites\/17\/SaskEnergy-logo.jpg 792w, https:\/\/region.youthscience.ca\/fransaskoise\/wp-content\/uploads\/sites\/17\/SaskEnergy-logo-300x79.jpg 300w, https:\/\/region.youthscience.ca\/fransaskoise\/wp-content\/uploads\/sites\/17\/SaskEnergy-logo-768x202.jpg 768w\" sizes=\"auto, (max-width: 685px) 100vw, 685px\" \/><img loading=\"lazy\" decoding=\"async\" class=\"aligncenter wp-image-575\" src=\"https:\/\/region.youthscience.ca\/fransaskoise\/wp-content\/uploads\/sites\/17\/ShadLogo-colorHex-black_rgb.png\" alt=\"SHAD Canada\" width=\"525\" height=\"251\" srcset=\"https:\/\/region.youthscience.ca\/fransaskoise\/wp-content\/uploads\/sites\/17\/ShadLogo-colorHex-black_rgb.png 718w, https:\/\/region.youthscience.ca\/fransaskoise\/wp-content\/uploads\/sites\/17\/ShadLogo-colorHex-black_rgb-300x143.png 300w\" sizes=\"auto, (max-width: 525px) 100vw, 525px\" \/><\/a><\/p>\n<h2 style=\"text-align: center\">Repr\u00e9sentants de la r\u00e9gion fransaskoise \u00e0 l&#8217;expo-science pancanadienne!<\/h2>\n<h4>2026 &#8211; Edmonton<\/h4>\n<ul>\n<li>Reem El Banna &#8211; D\u00e9veloppement d&#8217;une serviette hygi\u00e9nique biod\u00e9gradable capable d&#8217;indiquer des variations de pH<\/li>\n<li>Eva Denis &#8211; La diabetech<\/li>\n<li>Isis Madden &#8211; \u00c9quith\u00e9rapie<\/li>\n<\/ul>\n<h4>2025 &#8211; Fredericton<\/h4>\n<ul>\n<li>Saran Camara &#8211; <a href=\"https:\/\/partner.projectboard.world\/ysc\/project\/le-role-des-antioxydants-dans-lamelioration-du-traitement-des-avc-ischemiques\">Le r\u00f4le des antioxydants dans l\u2019am\u00e9lioration du traitement des AVC isch\u00e9miques<\/a><\/li>\n<li>Reem El Banna &#8211; <a href=\"https:\/\/partner.projectboard.world\/ysc\/project\/enracines-dans-le-probleme-limpact-du-film-noir-sur-la-repartition-et-le-deplacement-des-vers\">Enracin\u00e9s dans le probl\u00e8me : l\u2019impact du film noir sur la r\u00e9partition et le d\u00e9placement des vers<\/a><\/li>\n<li>Alexis Poppen &#8211; <a href=\"https:\/\/partner.projectboard.world\/ysc\/project\/cest-degueux\">C&#8217;est d\u00e9gueu!<\/a><\/li>\n<\/ul>\n<h4>2024 &#8211; Ottawa<\/h4>\n<ul>\n<li>C\u00e9dric Prince &#8211; <a href=\"https:\/\/partner.projectboard.world\/ysc\/project\/les-raquettes-qui-font-moins-dun-racket\">Les raquettes qui font moins d&#8217;un Racket<\/a><\/li>\n<li>Reem El Banna &#8211; <a href=\"https:\/\/partner.projectboard.world\/ysc\/project\/enracines-dans-le-probleme-les-effets-des-microplastiques-sur-la-croissance-vegetale\">Enracin\u00e9s dans le probl\u00e8me : Les effets des microplastiques sur la Croissance V\u00e9g\u00e9tale<\/a><\/li>\n<li>Olen Gareau &#8211; <a href=\"https:\/\/partner.projectboard.world\/ysc\/project\/habiter-mars\">Habiter Mars<\/a><\/li>\n<\/ul>\n<h4>2023 &#8211; Edmonton<\/h4>\n<ul>\n<li>C\u00e9dric Prince &#8211; <a href=\"https:\/\/partner.projectboard.world\/ysc\/project\/la-rouille-qui-grouille\">La rouille qui grouille !<\/a><\/li>\n<li>Athena Madden et Adlee Gareau &#8211; <a href=\"https:\/\/partner.projectboard.world\/ysc\/project\/la-curiosite-ne-tuera-pas-le-chat\">La curiosit\u00e9 ne tuera pas le chat<\/a><\/li>\n<\/ul>\n<h4>2019 &#8211; Fredericton<\/h4>\n<ul>\n<li>Louis Prince &#8211; Un stabilisant d\u2019azote, \u00e7a vaut le co\u00fbt\u2009?<\/li>\n<li>Pauline Vachon et Timothy Vachon &#8211; Un coup, c\u2019est tout\u2009!<\/li>\n<\/ul>\n<h4>2017 &#8211; Regina<\/h4>\n<ul>\n<li>\u00c9mile Thibeault &#8211; La physique du ping-pong<\/li>\n<li>\ud83e\udd49Emallie Morin-Barich &#8211; L\u2019effet des d\u00e9tergents verts sur les \u00e9cosyst\u00e8mes aquatiques<\/li>\n<li>Roxane Masson &#8211; \u00c9vaporation color\u00e9e<\/li>\n<\/ul>\n<h4>2016 &#8211; Montr\u00e9al<\/h4>\n<ul>\n<li>Patrick Vachon &#8211; Les limites de la m\u00e9moire<\/li>\n<li>Anne Hardouin &#8211; Le plastique biod\u00e9gradable<\/li>\n<\/ul>\n<h4>2015 &#8211; Fredericton<\/h4>\n<ul>\n<li>Zo\u00e9 Dagenais &#8211; Panneau solaire attach\u00e9 \u00e0 un traqueur du soleil vs panneau stationnaire<\/li>\n<li>Cassandra Gareau et Anita Lawrence &#8211; Quel est ce bruit?<\/li>\n<\/ul>\n<h4>2014 &#8211; Windsor<\/h4>\n<ul>\n<li>Hira Ghani &#8211; Les phytoplasmes chez la graine<\/li>\n<li>Marie Hardouin &#8211; La qualit\u00e9 de l&#8217;eau<\/li>\n<li>Jude Lemoine &#8211; Happy Gilmore : fait ou fiction?<\/li>\n<\/ul>\n<h4>2013 &#8211; Lethbridge<\/h4>\n<ul>\n<li>Tawnee Dupuis &#8211; Maison \u00e9colo<\/li>\n<li>Hira Ghani &#8211; Les colonies avec et sans Arsenophonus<\/li>\n<li>Shaheer Shakeel &#8211; Recherche sur les activit\u00e9s qui stimulent le cortex pr\u00e9frontal<\/li>\n<\/ul>\n<h4>2012 &#8211; Charlottetown<\/h4>\n<ul>\n<li>Yohan Lefol &#8211; Obtenir des cam\u00e9lines \u00e0 forte teneur en huile et r\u00e9sistante \u00e0 la jaunisse<\/li>\n<li>Arielle Sabourin &#8211; La technologie et la vitesse: la diff\u00e9rence entre les costumes de bain<\/li>\n<li>Fran\u00e7ois Roewer-Despres &#8211; Les fractales: une nouvelle source d&#8217;inspiration musicale et scientifique<\/li>\n<\/ul>\n<h4>2011 &#8211; Toronto<\/h4>\n<ul>\n<li>Sarah Ghani &#8211; B.p. une nouvelle source de r\u00e9sistance pour le colza?<\/li>\n<li>Fran\u00e7ois Roewer-Despres &#8211; Les fractales<\/li>\n<li>Gabriel Fontaine &#8211; La voiture \u00e0 essence vs la voiture \u00e9lectrique<\/li>\n<\/ul>\n<h4>2010 &#8211;\u00a0 Peterborough<\/h4>\n<ul>\n<li>\ud83e\udd49Amanda Gaudet &#8211; Un carburant alternatif 2e partie<\/li>\n<li>Yohan Lefol &#8211; Repr\u00e9sentation robotis\u00e9e du mouvement des ailes de la libellule<\/li>\n<li>\ud83e\udd49Andrew Pearce &#8211; \u00c0 la recherche d&#8217;ADN<\/li>\n<\/ul>\n<h4>2009 &#8211; Winnipeg<\/h4>\n<ul>\n<li>Ronan Lefol &#8211; D\u00e9tection de plomb dans une chaine alimentaire<\/li>\n<li>\ud83e\udd49Yohan Lefol &#8211; La marche des Arthropodes<\/li>\n<li>Joanne Vachon &#8211; Les oeufs om\u00e9ga-3<\/li>\n<\/ul>\n<h4>2008 &#8211; Ottawa<\/h4>\n<ul>\n<li>\u00c9tienne Fortier &#8211; Le b\u00e9ton id\u00e9al<\/li>\n<li>\ud83e\udd49Nicholas Caverhill &#8211; Les champignons et les antioxydants<\/li>\n<li>\ud83e\udd49Ronan Lefol &#8211; Les graines de la Saskatchewan: un apport assur\u00e9 en s\u00e9l\u00e9nium<\/li>\n<\/ul>\n<h4>2007 &#8211; Truro<\/h4>\n<ul>\n<li>\ud83e\udd48Michel Gignac &#8211; Anciennes cultures, nouvelles technologies<\/li>\n<li>Yohan Lefol &#8211; Les catapultes<\/li>\n<li>Amanda Gaudet &#8211; Les biocarburants renouvelables<\/li>\n<\/ul>\n<h4>2006 &#8211; Saguenay<\/h4>\n<ul>\n<li>Jacqueline Caverhill &#8211; Parlons-Les t\u00e9l\u00e9phones cellulaires et le rayonnement<\/li>\n<li>\ud83e\udd49Ronan Lefol &#8211; Mise au point d&#8217;une formulation chimique pour un bioherbicide<\/li>\n<li>\ud83e\udd47\ud83e\udd49Benjamin Leis &#8211; Potentiel de la production de m\u00e9thane suite \u00e0 la codigestion du mat\u00e9riel bovin hydrolys\u00e9 et du p&#8230;<\/li>\n<\/ul>\n<h4>2005 &#8211; Vancouver<\/h4>\n<ul>\n<li>\ud83e\udd48\ud83e\udd48Benjamin Leis &#8211; La production d\u2019\u00e9nergie<\/li>\n<li>Jonathan Blanchet &#8211; Le d\u00e9codage linguistique<\/li>\n<li>Ronan Lefol &#8211; Les toxines dans les extraits de graines de Brassic\u00e9es<\/li>\n<\/ul>\n<h4>2004 &#8211; St. John&#8217;s<\/h4>\n<ul>\n<li>\ud83e\udd49Marina Leis &#8211; Validation d&#8217;une nouvelle m\u00e9thode&#8230;<\/li>\n<li>\ud83e\udd48Daphn\u00e9 Dubois &#8211; La gluthathion contre les radica&#8230;<\/li>\n<li>Ronan Lefol &#8211; Les lampes \u00e0 huiles<\/li>\n<\/ul>\n<h4>2003 &#8211; Calgary<\/h4>\n<ul>\n<li>Daniel Dion &#8211; La chaleur, \u00e7a g\u00e8le!<\/li>\n<li>Daphn\u00e9 Dubois &#8211; Le lin et les acides gras<\/li>\n<li>Benjamin Leis &#8211; Transpirer c&#8217;est s&#8217;adapter<\/li>\n<\/ul>\n<h4>2002 &#8211; Saskatoon<\/h4>\n<ul>\n<li>\ud83e\udd48Daniel Dion &#8211; La production du m\u00e9thane \u00e0 partir du fumier<\/li>\n<li>Marina Leis &#8211; Am\u00e9liorer vos chances de succ\u00e8s<\/li>\n<li>Jacintha McAvoy et \u00c9rica Poti\u00e9 &#8211; L&#8217;utilisation des boues organiques comme engrais<\/li>\n<\/ul>\n<h4>2001 &#8211; Kingston<\/h4>\n<ul>\n<li>\ud83e\udd49J\u00e9r\u00f4me Leis &#8211; Impact de la teneur en eau sur les flux de CH4<\/li>\n<li>Daniel Dion &#8211; La voiture solaire<\/li>\n<li>Janique Dubois &#8211; Comment apprendre?<\/li>\n<\/ul>\n<h4>2000 &#8211; London<\/h4>\n<ul>\n<li>Daniel Dion &#8211; L&#8217;automobile solaire<\/li>\n<li>J\u00e9r\u00f4me Leis &#8211; L&#8217;approche multisensorielle \u00e0 l&#8217;apprentissage<\/li>\n<\/ul>\n<p>&nbsp;<\/p>\n<p>&nbsp;<\/p>\n","protected":false},"excerpt":{"rendered":"<p>L&#8217;expo-sciences Fransaskoise est l&#8217;expo-sciences r\u00e9gionale francophone pour les \u00e9l\u00e8ves du Conseil des \u00e9coles fransaskoises.\u00a0 Chaque ann\u00e9e les \u00e9l\u00e8ves de la 7e \u00e0 la 12e ann\u00e9e qui ont \u00e9t\u00e9 s\u00e9lectionn\u00e9es par leurs \u00e9coles respectives ont la chance de participer \u00e0 cette comp\u00e9tition virtuelle dans le but de remporter la chance de repr\u00e9senter la r\u00e9gion Fransaskoise \u00e0 [&hellip;]<\/p>\n","protected":false},"author":1,"featured_media":0,"parent":0,"menu_order":0,"comment_status":"closed","ping_status":"closed","template":"","meta":{"footnotes":""},"class_list":["post-6","page","type-page","status-publish","hentry"],"_links":{"self":[{"href":"https:\/\/region.youthscience.ca\/fransaskoise\/wp-json\/wp\/v2\/pages\/6","targetHints":{"allow":["GET"]}}],"collection":[{"href":"https:\/\/region.youthscience.ca\/fransaskoise\/wp-json\/wp\/v2\/pages"}],"about":[{"href":"https:\/\/region.youthscience.ca\/fransaskoise\/wp-json\/wp\/v2\/types\/page"}],"author":[{"embeddable":true,"href":"https:\/\/region.youthscience.ca\/fransaskoise\/wp-json\/wp\/v2\/users\/1"}],"replies":[{"embeddable":true,"href":"https:\/\/region.youthscience.ca\/fransaskoise\/wp-json\/wp\/v2\/comments?post=6"}],"version-history":[{"count":68,"href":"https:\/\/region.youthscience.ca\/fransaskoise\/wp-json\/wp\/v2\/pages\/6\/revisions"}],"predecessor-version":[{"id":576,"href":"https:\/\/region.youthscience.ca\/fransaskoise\/wp-json\/wp\/v2\/pages\/6\/revisions\/576"}],"wp:attachment":[{"href":"https:\/\/region.youthscience.ca\/fransaskoise\/wp-json\/wp\/v2\/media?parent=6"}],"curies":[{"name":"wp","href":"https:\/\/api.w.org\/{rel}","templated":true}]}}