{"id":9,"date":"2024-08-16T21:25:44","date_gmt":"2024-08-16T21:25:44","guid":{"rendered":"https:\/\/region.youthscience.ca\/fransaskoise\/?page_id=9"},"modified":"2026-03-09T17:56:29","modified_gmt":"2026-03-09T21:56:29","slug":"inscription","status":"publish","type":"page","link":"https:\/\/region.youthscience.ca\/fransaskoise\/inscription\/","title":{"rendered":"Inscription"},"content":{"rendered":"<p>Toutes les inscriptions doivent \u00eatre envoy\u00e9es via courriel \u00e0 Daniel Dion (ddion @ cefsk.ca) au plus tard <strong>(le 18 mars 2026)<\/strong><strong>.<\/strong><\/p>\n<p>Chaque inscription doit \u00eatre accompagn\u00e9e des formulaires suivants:<\/p>\n<ul>\n<li><a href=\"https:\/\/region.youthscience.ca\/fransaskoise\/wp-content\/uploads\/sites\/17\/Formulaire-dinscription-remplissable.pdf\">Formulaire d&#8217;inscription<\/a><\/li>\n<li>Rapport \u00e9crit en format PDF, Word, Google Docs<\/li>\n<li>Un lien \u00e0 un enregistrement vid\u00e9o de la pr\u00e9sentation orale<\/li>\n<li><a href=\"https:\/\/region.youthscience.ca\/fransaskoise\/wp-content\/uploads\/sites\/17\/YSC-Mentor-Form-Formulaire-de-mentor-de-SJC.pdf\">Formulaire de mentor<\/a> (si l&#8217;\u00e9l\u00e8ve a travaill\u00e9 avec un mentor pour l&#8217;\u00e9laboration de son projet.)<\/li>\n<\/ul>\n","protected":false},"excerpt":{"rendered":"<p>Toutes les inscriptions doivent \u00eatre envoy\u00e9es via courriel \u00e0 Daniel Dion (ddion @ cefsk.ca) au plus tard (le 18 mars 2026). Chaque inscription doit \u00eatre accompagn\u00e9e des formulaires suivants: Formulaire d&#8217;inscription Rapport \u00e9crit en format PDF, Word, Google Docs Un lien \u00e0 un enregistrement vid\u00e9o de la pr\u00e9sentation orale Formulaire de mentor (si l&#8217;\u00e9l\u00e8ve a [&hellip;]<\/p>\n","protected":false},"author":1,"featured_media":0,"parent":0,"menu_order":0,"comment_status":"closed","ping_status":"closed","template":"","meta":{"footnotes":""},"class_list":["post-9","page","type-page","status-publish","hentry"],"_links":{"self":[{"href":"https:\/\/region.youthscience.ca\/fransaskoise\/wp-json\/wp\/v2\/pages\/9","targetHints":{"allow":["GET"]}}],"collection":[{"href":"https:\/\/region.youthscience.ca\/fransaskoise\/wp-json\/wp\/v2\/pages"}],"about":[{"href":"https:\/\/region.youthscience.ca\/fransaskoise\/wp-json\/wp\/v2\/types\/page"}],"author":[{"embeddable":true,"href":"https:\/\/region.youthscience.ca\/fransaskoise\/wp-json\/wp\/v2\/users\/1"}],"replies":[{"embeddable":true,"href":"https:\/\/region.youthscience.ca\/fransaskoise\/wp-json\/wp\/v2\/comments?post=9"}],"version-history":[{"count":24,"href":"https:\/\/region.youthscience.ca\/fransaskoise\/wp-json\/wp\/v2\/pages\/9\/revisions"}],"predecessor-version":[{"id":573,"href":"https:\/\/region.youthscience.ca\/fransaskoise\/wp-json\/wp\/v2\/pages\/9\/revisions\/573"}],"wp:attachment":[{"href":"https:\/\/region.youthscience.ca\/fransaskoise\/wp-json\/wp\/v2\/media?parent=9"}],"curies":[{"name":"wp","href":"https:\/\/api.w.org\/{rel}","templated":true}]}}